{"id":16,"date":"2025-12-18T12:55:24","date_gmt":"2025-12-18T12:55:24","guid":{"rendered":"https:\/\/www.monettstore.com\/?page_id=16"},"modified":"2025-12-18T17:27:23","modified_gmt":"2025-12-18T17:27:23","slug":"monett-store-home","status":"publish","type":"page","link":"https:\/\/www.monettstore.com\/en\/","title":{"rendered":"Monett Store &#8211; Home"},"content":{"rendered":"<p>[et_pb_section fb_built=\u00bb1&#8243; admin_label=\u00bbSecci\u00f3n\u00bb _builder_version=\u00bb4.27.5&#8243; _module_preset=\u00bbdefault\u00bb global_colors_info=\u00bb{}\u00bb min_height=\u00bb1247.9px\u00bb][et_pb_row _builder_version=\u00bb4.27.5&#8243; _module_preset=\u00bbdefault\u00bb global_colors_info=\u00bb{}\u00bb][et_pb_column type=\u00bb4_4&#8243; _builder_version=\u00bb4.27.5&#8243; _module_preset=\u00bbdefault\u00bb global_colors_info=\u00bb{}\u00bb][et_pb_text _builder_version=\u00bb4.27.5&#8243; _module_preset=\u00bbdefault\u00bb text_font=\u00bbArial|800|||||||\u00bb text_text_color=\u00bb#000000&#8243; text_font_size=\u00bb51px\u00bb text_letter_spacing=\u00bb20px\u00bb text_line_height=\u00bb1.9em\u00bb use_background_color_gradient=\u00bbon\u00bb background_image=\u00bbhttps:\/\/www.monettstore.com\/wp-content\/uploads\/2025\/12\/1a7b2c345b80504edd39b2011fa49644.jpg\u00bb text_orientation=\u00bbcenter\u00bb min_height=\u00bb384px\u00bb custom_padding=\u00bb||239px|0px||\u00bb inline_fonts=\u00bbAndika\u00bb global_colors_info=\u00bb{}\u00bb]<\/p>\n<h1 style=\"text-align: center;\"><span style=\"font-size: x-large;\">JAPANESE STREETWEAR<\/span><\/h1>\n<p>&nbsp;<\/p>\n<p>[\/et_pb_text][et_pb_button button_url=\u00bbhttps:\/\/www.instagram.com\/malejandrapardo\/\u00bb button_text=\u00bbCONOCE NUESTRA \u00daLTIMA COLECCI\u00d3N\u00bb button_alignment=\u00bbcenter\u00bb _builder_version=\u00bb4.27.5&#8243; _module_preset=\u00bbdefault\u00bb custom_button=\u00bbon\u00bb button_text_size=\u00bb25px\u00bb button_text_color=\u00bb#000000&#8243; custom_padding=\u00bb||0px|||\u00bb global_colors_info=\u00bb{}\u00bb][\/et_pb_button][\/et_pb_column][\/et_pb_row][et_pb_row column_structure=\u00bb2_5,3_5&#8243; _builder_version=\u00bb4.27.5&#8243; _module_preset=\u00bbdefault\u00bb global_colors_info=\u00bb{}\u00bb][et_pb_column type=\u00bb2_5&#8243; _builder_version=\u00bb4.27.5&#8243; _module_preset=\u00bbdefault\u00bb global_colors_info=\u00bb{}\u00bb][et_pb_image src=\u00bbhttps:\/\/www.monettstore.com\/wp-content\/uploads\/2025\/12\/337CE722-8AFD-4E19-9831-870FA63E1791.jpg\u00bb title_text=\u00bb337CE722-8AFD-4E19-9831-870FA63E1791&#8243; _builder_version=\u00bb4.27.5&#8243; _module_preset=\u00bbdefault\u00bb global_colors_info=\u00bb{}\u00bb][\/et_pb_image][\/et_pb_column][et_pb_column type=\u00bb3_5&#8243; _builder_version=\u00bb4.27.5&#8243; _module_preset=\u00bbdefault\u00bb global_colors_info=\u00bb{}\u00bb][et_pb_text _builder_version=\u00bb4.27.5&#8243; _module_preset=\u00bbdefault\u00bb text_font_size=\u00bb55px\u00bb text_line_height=\u00bb1.1em\u00bb inline_fonts=\u00bbArial\u00bb global_colors_info=\u00bb{}\u00bb]<\/p>\n<p><span style=\"font-family: Arial;\"><em><strong>Somos una marca que mezcla dise\u00f1o japon\u00e9s con streetwear colombiano.<\/strong><\/em><\/span><\/p>\n<p>[\/et_pb_text][et_pb_text _builder_version=\u00bb4.27.5&#8243; _module_preset=\u00bbdefault\u00bb text_font_size=\u00bb55px\u00bb text_line_height=\u00bb1.1em\u00bb inline_fonts=\u00bbArial\u00bb global_colors_info=\u00bb{}\u00bb]<\/p>\n<h2><span style=\"font-size: medium;\">Trabajamos con telas asi\u00e1ticas, l\u00edneas limpias y detalles que vienen de Jap\u00f3n, pero se piensan, se cortan\u00a0 y se confeccionan en Colombia. Nacemos de la calle, del ritmo de la ciudad y de una obsesi\u00f3n por la calidad. Cada prenda une dos mundos: la est\u00e9tica japonesa y la actitud colombiana.Dise\u00f1amos para quienes se visten con intenci\u00f3n, apoyan lo local y entienden que el streetwear tambi\u00e9n puede ser bien hecho.<\/span><\/h2>\n<p>[\/et_pb_text][\/et_pb_column][\/et_pb_row][\/et_pb_section]<\/p>","protected":false},"excerpt":{"rendered":"<p>JAPANESE STREETWEAR &nbsp;Somos una marca que mezcla dise\u00f1o japon\u00e9s con streetwear colombiano.Trabajamos con telas asi\u00e1ticas, l\u00edneas limpias y detalles que vienen de Jap\u00f3n, pero se piensan, se cortan\u00a0 y se confeccionan en Colombia. Nacemos de la calle, del ritmo de la ciudad y de una obsesi\u00f3n por la calidad. Cada prenda une dos mundos: la [&hellip;]<\/p>","protected":false},"author":1,"featured_media":0,"parent":0,"menu_order":0,"comment_status":"closed","ping_status":"open","template":"","meta":{"_et_pb_use_builder":"on","_et_pb_old_content":"","_et_gb_content_width":"","footnotes":""},"class_list":["post-16","page","type-page","status-publish","hentry"],"_links":{"self":[{"href":"https:\/\/www.monettstore.com\/en\/wp-json\/wp\/v2\/pages\/16","targetHints":{"allow":["GET"]}}],"collection":[{"href":"https:\/\/www.monettstore.com\/en\/wp-json\/wp\/v2\/pages"}],"about":[{"href":"https:\/\/www.monettstore.com\/en\/wp-json\/wp\/v2\/types\/page"}],"author":[{"embeddable":true,"href":"https:\/\/www.monettstore.com\/en\/wp-json\/wp\/v2\/users\/1"}],"replies":[{"embeddable":true,"href":"https:\/\/www.monettstore.com\/en\/wp-json\/wp\/v2\/comments?post=16"}],"version-history":[{"count":4,"href":"https:\/\/www.monettstore.com\/en\/wp-json\/wp\/v2\/pages\/16\/revisions"}],"predecessor-version":[{"id":101,"href":"https:\/\/www.monettstore.com\/en\/wp-json\/wp\/v2\/pages\/16\/revisions\/101"}],"wp:attachment":[{"href":"https:\/\/www.monettstore.com\/en\/wp-json\/wp\/v2\/media?parent=16"}],"curies":[{"name":"wp","href":"https:\/\/api.w.org\/{rel}","templated":true}]}}